{"id":43,"date":"2016-01-19T15:44:37","date_gmt":"2016-01-19T15:44:37","guid":{"rendered":"https:\/\/www.claragortazar.com\/?page_id=43&#038;lang=es"},"modified":"2017-06-12T13:08:46","modified_gmt":"2017-06-12T13:08:46","slug":"coleccion-de-tocados-de-clara-gortazar","status":"publish","type":"page","link":"https:\/\/www.claragortazar.com\/es\/coleccion-de-tocados-de-clara-gortazar\/","title":{"rendered":"Colecci\u00f3n de tocados de Clara Gort\u00e1zar"},"content":{"rendered":"<p>[et_pb_section bb_built=\u00bb1&#8243; admin_label=\u00bbsection\u00bb transparent_background=\u00bboff\u00bb allow_player_pause=\u00bboff\u00bb inner_shadow=\u00bboff\u00bb parallax=\u00bboff\u00bb parallax_method=\u00bboff\u00bb custom_padding=\u00bb0px|||\u00bb padding_mobile=\u00bbon\u00bb make_fullwidth=\u00bboff\u00bb use_custom_width=\u00bboff\u00bb width_unit=\u00bbon\u00bb make_equal=\u00bboff\u00bb use_custom_gutter=\u00bboff\u00bb gutter_width=\u00bb3&#8243;][et_pb_row admin_label=\u00bbrow\u00bb make_fullwidth=\u00bboff\u00bb use_custom_width=\u00bboff\u00bb width_unit=\u00bbon\u00bb use_custom_gutter=\u00bbon\u00bb gutter_width=\u00bb1&#8243; padding_mobile=\u00bboff\u00bb allow_player_pause=\u00bboff\u00bb parallax=\u00bboff\u00bb parallax_method=\u00bboff\u00bb make_equal=\u00bboff\u00bb parallax_1=\u00bboff\u00bb parallax_method_1=\u00bboff\u00bb column_padding_mobile=\u00bbon\u00bb background_position=\u00bbtop_left\u00bb background_repeat=\u00bbrepeat\u00bb background_size=\u00bbinitial\u00bb][et_pb_column type=\u00bb4_4&#8243;][et_pb_text admin_label=\u00bbText\u00bb _builder_version=\u00bb3.0.51&#8243; background_layout=\u00bblight\u00bb text_orientation=\u00bbcenter\u00bb border_style=\u00bbsolid\u00bb]<\/p>\n<h1>Colecci\u00f3n de Tocados y Pamelas<\/h1>\n<p>[\/et_pb_text][\/et_pb_column][\/et_pb_row][et_pb_row admin_label=\u00bbrow\u00bb make_fullwidth=\u00bboff\u00bb use_custom_width=\u00bboff\u00bb width_unit=\u00bbon\u00bb use_custom_gutter=\u00bbon\u00bb gutter_width=\u00bb1&#8243; padding_mobile=\u00bboff\u00bb allow_player_pause=\u00bboff\u00bb parallax=\u00bboff\u00bb parallax_method=\u00bboff\u00bb make_equal=\u00bboff\u00bb parallax_1=\u00bboff\u00bb parallax_method_1=\u00bboff\u00bb column_padding_mobile=\u00bbon\u00bb background_position=\u00bbtop_left\u00bb background_repeat=\u00bbrepeat\u00bb background_size=\u00bbinitial\u00bb][et_pb_column type=\u00bb4_4&#8243;][et_pb_portfolio admin_label=\u00bbPortfolio\u00bb fullwidth=\u00bboff\u00bb posts_number=\u00bb50&#8243; include_categories=\u00bb15&#8243; show_title=\u00bboff\u00bb show_categories=\u00bboff\u00bb show_pagination=\u00bboff\u00bb background_layout=\u00bblight\u00bb hover_overlay_color=\u00bbrgba(255,255,255,0.8)\u00bb title_font_size=\u00bb18&#8243; caption_font_size=\u00bb14&#8243; use_border_color=\u00bboff\u00bb border_color=\u00bb#ffffff\u00bb border_style=\u00bbsolid\u00bb background_position=\u00bbtop_left\u00bb background_repeat=\u00bbrepeat\u00bb background_size=\u00bbinitial\u00bb \/][\/et_pb_column][\/et_pb_row][\/et_pb_section][et_pb_section bb_built=\u00bb1&#8243; admin_label=\u00bbSection\u00bb fullwidth=\u00bboff\u00bb specialty=\u00bboff\u00bb parallax_method=\u00bboff\u00bb padding_mobile=\u00bboff\u00bb _builder_version=\u00bb3.0.51&#8243; global_module=\u00bb432&#8243;][et_pb_row admin_label=\u00bbRow\u00bb global_parent=\u00bb432&#8243; background_position=\u00bbtop_left\u00bb background_repeat=\u00bbrepeat\u00bb background_size=\u00bbinitial\u00bb][et_pb_column type=\u00bb4_4&#8243;][et_pb_social_media_follow admin_label=\u00bbSeguir en medios sociales\u00bb global_parent=\u00bb432&#8243; link_shape=\u00bbrounded_rectangle\u00bb background_layout=\u00bblight\u00bb url_new_window=\u00bbon\u00bb follow_button=\u00bboff\u00bb custom_css_social_follow=\u00bbcentro\u00bb custom_css_before=\u00bbcentro\u00bb custom_css_main_element=\u00bbcentro\u00bb custom_css_after=\u00bbcentro\u00bb custom_css_social_icon=\u00bbcentro\u00bb _builder_version=\u00bb3.0.51&#8243;] [et_pb_social_media_follow_network social_network=\u00bbfacebook\u00bb url=\u00bbhttps:\/\/www.facebook.com\/clara.gortazar\u00bb skype_action=\u00bbcall\u00bb bg_color=\u00bb#000000&#8243;] facebook [\/et_pb_social_media_follow_network][et_pb_social_media_follow_network social_network=\u00bbinstagram\u00bb skype_action=\u00bbcall\u00bb url=\u00bbhttps:\/\/www.instagram.com\/clara_gortazar_millinery\/\u00bb bg_color=\u00bb#000000&#8243;] Instagram [\/et_pb_social_media_follow_network] [\/et_pb_social_media_follow][et_pb_text admin_label=\u00bbcopright\u00bb global_parent=\u00bb432&#8243; background_layout=\u00bblight\u00bb text_orientation=\u00bbcenter\u00bb use_border_color=\u00bboff\u00bb border_color=\u00bb#ffffff\u00bb border_style=\u00bbsolid\u00bb]<\/p>\n<p>\u00a9 2016-17 Clara Gort\u00e1zar | <a href=\"https:\/\/www.claragortazar.com\/es\/politica-de-cookies\">Cookies<\/a><\/p>\n<p>[\/et_pb_text][\/et_pb_column][\/et_pb_row][\/et_pb_section]<\/p>\n","protected":false},"excerpt":{"rendered":"<p>Colecci\u00f3n de Tocados y Pamelas \u00a9 2016-17 Clara Gort\u00e1zar | Cookies<\/p>\n","protected":false},"author":1,"featured_media":0,"parent":0,"menu_order":0,"comment_status":"closed","ping_status":"closed","template":"","meta":{"_et_pb_use_builder":"on","_et_pb_old_content":"","_et_gb_content_width":"","footnotes":""},"class_list":["post-43","page","type-page","status-publish","hentry"],"yoast_head":"<!-- This site is optimized with the Yoast SEO plugin v27.5 - https:\/\/yoast.com\/product\/yoast-seo-wordpress\/ -->\n<title>Colecci\u00f3n de tocados de Clara Gort\u00e1zar<\/title>\n<meta name=\"description\" content=\"Descubre mi colecci\u00f3n de tocados y sombreros, hechos a mano con materiales de la mejor calidad. Tambi\u00e9n se fabrican tocados personalizados y a medida.\" \/>\n<meta name=\"robots\" content=\"index, follow, max-snippet:-1, max-image-preview:large, max-video-preview:-1\" \/>\n<link rel=\"canonical\" href=\"https:\/\/www.claragortazar.com\/es\/coleccion-de-tocados-de-clara-gortazar\/\" \/>\n<meta property=\"og:locale\" content=\"es_ES\" \/>\n<meta property=\"og:type\" content=\"article\" \/>\n<meta property=\"og:title\" content=\"Colecci\u00f3n de tocados de Clara Gort\u00e1zar\" \/>\n<meta property=\"og:description\" content=\"Descubre mi colecci\u00f3n de tocados y sombreros, hechos a mano con materiales de la mejor calidad. Tambi\u00e9n se fabrican tocados personalizados y a medida.\" \/>\n<meta property=\"og:url\" content=\"https:\/\/www.claragortazar.com\/es\/coleccion-de-tocados-de-clara-gortazar\/\" \/>\n<meta property=\"og:site_name\" content=\"Clara Gort\u00e1zar\" \/>\n<meta property=\"article:publisher\" content=\"https:\/\/www.facebook.com\/clara.gortazar\" \/>\n<meta property=\"article:modified_time\" content=\"2017-06-12T13:08:46+00:00\" \/>\n<meta property=\"og:image\" content=\"https:\/\/www.claragortazar.com\/wp-content\/uploads\/2016\/01\/pamela-portada-clara-gortazar.jpg\" \/>\n\t<meta property=\"og:image:width\" content=\"1080\" \/>\n\t<meta property=\"og:image:height\" content=\"720\" \/>\n\t<meta property=\"og:image:type\" content=\"image\/jpeg\" \/>\n<script type=\"application\/ld+json\" class=\"yoast-schema-graph\">{\"@context\":\"https:\\\/\\\/schema.org\",\"@graph\":[{\"@type\":\"WebPage\",\"@id\":\"https:\\\/\\\/www.claragortazar.com\\\/es\\\/coleccion-de-tocados-de-clara-gortazar\\\/\",\"url\":\"https:\\\/\\\/www.claragortazar.com\\\/es\\\/coleccion-de-tocados-de-clara-gortazar\\\/\",\"name\":\"Colecci\u00f3n de tocados de Clara Gort\u00e1zar\",\"isPartOf\":{\"@id\":\"https:\\\/\\\/www.claragortazar.com\\\/es\\\/#website\"},\"datePublished\":\"2016-01-19T15:44:37+00:00\",\"dateModified\":\"2017-06-12T13:08:46+00:00\",\"description\":\"Descubre mi colecci\u00f3n de tocados y sombreros, hechos a mano con materiales de la mejor calidad. Tambi\u00e9n se fabrican tocados personalizados y a medida.\",\"breadcrumb\":{\"@id\":\"https:\\\/\\\/www.claragortazar.com\\\/es\\\/coleccion-de-tocados-de-clara-gortazar\\\/#breadcrumb\"},\"inLanguage\":\"es\",\"potentialAction\":[{\"@type\":\"ReadAction\",\"target\":[\"https:\\\/\\\/www.claragortazar.com\\\/es\\\/coleccion-de-tocados-de-clara-gortazar\\\/\"]}]},{\"@type\":\"BreadcrumbList\",\"@id\":\"https:\\\/\\\/www.claragortazar.com\\\/es\\\/coleccion-de-tocados-de-clara-gortazar\\\/#breadcrumb\",\"itemListElement\":[{\"@type\":\"ListItem\",\"position\":1,\"name\":\"Home\",\"item\":\"https:\\\/\\\/www.claragortazar.com\\\/es\\\/\"},{\"@type\":\"ListItem\",\"position\":2,\"name\":\"Colecci\u00f3n de tocados de Clara Gort\u00e1zar\"}]},{\"@type\":\"WebSite\",\"@id\":\"https:\\\/\\\/www.claragortazar.com\\\/es\\\/#website\",\"url\":\"https:\\\/\\\/www.claragortazar.com\\\/es\\\/\",\"name\":\"Clara Gortazar\",\"description\":\"Fascinators &amp; Hats in spain\",\"publisher\":{\"@id\":\"https:\\\/\\\/www.claragortazar.com\\\/es\\\/#organization\"},\"alternateName\":\"Clara Gortazar Millinery\",\"potentialAction\":[{\"@type\":\"SearchAction\",\"target\":{\"@type\":\"EntryPoint\",\"urlTemplate\":\"https:\\\/\\\/www.claragortazar.com\\\/es\\\/?s={search_term_string}\"},\"query-input\":{\"@type\":\"PropertyValueSpecification\",\"valueRequired\":true,\"valueName\":\"search_term_string\"}}],\"inLanguage\":\"es\"},{\"@type\":\"Organization\",\"@id\":\"https:\\\/\\\/www.claragortazar.com\\\/es\\\/#organization\",\"name\":\"Clara Gortazar\",\"alternateName\":\"Clara Gortazar Millinery\",\"url\":\"https:\\\/\\\/www.claragortazar.com\\\/es\\\/\",\"logo\":{\"@type\":\"ImageObject\",\"inLanguage\":\"es\",\"@id\":\"https:\\\/\\\/www.claragortazar.com\\\/es\\\/#\\\/schema\\\/logo\\\/image\\\/\",\"url\":\"https:\\\/\\\/www.claragortazar.com\\\/wp-content\\\/uploads\\\/2016\\\/01\\\/logo-clara-gortazar.png\",\"contentUrl\":\"https:\\\/\\\/www.claragortazar.com\\\/wp-content\\\/uploads\\\/2016\\\/01\\\/logo-clara-gortazar.png\",\"width\":195,\"height\":77,\"caption\":\"Clara Gortazar\"},\"image\":{\"@id\":\"https:\\\/\\\/www.claragortazar.com\\\/es\\\/#\\\/schema\\\/logo\\\/image\\\/\"},\"sameAs\":[\"https:\\\/\\\/www.facebook.com\\\/clara.gortazar\"]}]}<\/script>\n<!-- \/ Yoast SEO plugin. -->","yoast_head_json":{"title":"Colecci\u00f3n de tocados de Clara Gort\u00e1zar","description":"Descubre mi colecci\u00f3n de tocados y sombreros, hechos a mano con materiales de la mejor calidad. Tambi\u00e9n se fabrican tocados personalizados y a medida.","robots":{"index":"index","follow":"follow","max-snippet":"max-snippet:-1","max-image-preview":"max-image-preview:large","max-video-preview":"max-video-preview:-1"},"canonical":"https:\/\/www.claragortazar.com\/es\/coleccion-de-tocados-de-clara-gortazar\/","og_locale":"es_ES","og_type":"article","og_title":"Colecci\u00f3n de tocados de Clara Gort\u00e1zar","og_description":"Descubre mi colecci\u00f3n de tocados y sombreros, hechos a mano con materiales de la mejor calidad. Tambi\u00e9n se fabrican tocados personalizados y a medida.","og_url":"https:\/\/www.claragortazar.com\/es\/coleccion-de-tocados-de-clara-gortazar\/","og_site_name":"Clara Gort\u00e1zar","article_publisher":"https:\/\/www.facebook.com\/clara.gortazar","article_modified_time":"2017-06-12T13:08:46+00:00","og_image":[{"width":1080,"height":720,"url":"https:\/\/www.claragortazar.com\/wp-content\/uploads\/2016\/01\/pamela-portada-clara-gortazar.jpg","type":"image\/jpeg"}],"schema":{"@context":"https:\/\/schema.org","@graph":[{"@type":"WebPage","@id":"https:\/\/www.claragortazar.com\/es\/coleccion-de-tocados-de-clara-gortazar\/","url":"https:\/\/www.claragortazar.com\/es\/coleccion-de-tocados-de-clara-gortazar\/","name":"Colecci\u00f3n de tocados de Clara Gort\u00e1zar","isPartOf":{"@id":"https:\/\/www.claragortazar.com\/es\/#website"},"datePublished":"2016-01-19T15:44:37+00:00","dateModified":"2017-06-12T13:08:46+00:00","description":"Descubre mi colecci\u00f3n de tocados y sombreros, hechos a mano con materiales de la mejor calidad. Tambi\u00e9n se fabrican tocados personalizados y a medida.","breadcrumb":{"@id":"https:\/\/www.claragortazar.com\/es\/coleccion-de-tocados-de-clara-gortazar\/#breadcrumb"},"inLanguage":"es","potentialAction":[{"@type":"ReadAction","target":["https:\/\/www.claragortazar.com\/es\/coleccion-de-tocados-de-clara-gortazar\/"]}]},{"@type":"BreadcrumbList","@id":"https:\/\/www.claragortazar.com\/es\/coleccion-de-tocados-de-clara-gortazar\/#breadcrumb","itemListElement":[{"@type":"ListItem","position":1,"name":"Home","item":"https:\/\/www.claragortazar.com\/es\/"},{"@type":"ListItem","position":2,"name":"Colecci\u00f3n de tocados de Clara Gort\u00e1zar"}]},{"@type":"WebSite","@id":"https:\/\/www.claragortazar.com\/es\/#website","url":"https:\/\/www.claragortazar.com\/es\/","name":"Clara Gortazar","description":"Fascinators &amp; Hats in spain","publisher":{"@id":"https:\/\/www.claragortazar.com\/es\/#organization"},"alternateName":"Clara Gortazar Millinery","potentialAction":[{"@type":"SearchAction","target":{"@type":"EntryPoint","urlTemplate":"https:\/\/www.claragortazar.com\/es\/?s={search_term_string}"},"query-input":{"@type":"PropertyValueSpecification","valueRequired":true,"valueName":"search_term_string"}}],"inLanguage":"es"},{"@type":"Organization","@id":"https:\/\/www.claragortazar.com\/es\/#organization","name":"Clara Gortazar","alternateName":"Clara Gortazar Millinery","url":"https:\/\/www.claragortazar.com\/es\/","logo":{"@type":"ImageObject","inLanguage":"es","@id":"https:\/\/www.claragortazar.com\/es\/#\/schema\/logo\/image\/","url":"https:\/\/www.claragortazar.com\/wp-content\/uploads\/2016\/01\/logo-clara-gortazar.png","contentUrl":"https:\/\/www.claragortazar.com\/wp-content\/uploads\/2016\/01\/logo-clara-gortazar.png","width":195,"height":77,"caption":"Clara Gortazar"},"image":{"@id":"https:\/\/www.claragortazar.com\/es\/#\/schema\/logo\/image\/"},"sameAs":["https:\/\/www.facebook.com\/clara.gortazar"]}]}},"_links":{"self":[{"href":"https:\/\/www.claragortazar.com\/es\/wp-json\/wp\/v2\/pages\/43","targetHints":{"allow":["GET"]}}],"collection":[{"href":"https:\/\/www.claragortazar.com\/es\/wp-json\/wp\/v2\/pages"}],"about":[{"href":"https:\/\/www.claragortazar.com\/es\/wp-json\/wp\/v2\/types\/page"}],"author":[{"embeddable":true,"href":"https:\/\/www.claragortazar.com\/es\/wp-json\/wp\/v2\/users\/1"}],"replies":[{"embeddable":true,"href":"https:\/\/www.claragortazar.com\/es\/wp-json\/wp\/v2\/comments?post=43"}],"version-history":[{"count":0,"href":"https:\/\/www.claragortazar.com\/es\/wp-json\/wp\/v2\/pages\/43\/revisions"}],"wp:attachment":[{"href":"https:\/\/www.claragortazar.com\/es\/wp-json\/wp\/v2\/media?parent=43"}],"curies":[{"name":"wp","href":"https:\/\/api.w.org\/{rel}","templated":true}]}}