{"id":197,"date":"2016-01-21T14:58:55","date_gmt":"2016-01-21T14:58:55","guid":{"rendered":"https:\/\/www.claragortazar.com\/es\/?page_id=197"},"modified":"2017-06-08T12:23:13","modified_gmt":"2017-06-08T12:23:13","slug":"politica-de-cookies","status":"publish","type":"page","link":"https:\/\/www.claragortazar.com\/es\/politica-de-cookies\/","title":{"rendered":"Pol\u00edtica de Cookies"},"content":{"rendered":"<p>[et_pb_section bb_built=\u00bb1&#8243; admin_label=\u00bbsection\u00bb][et_pb_row admin_label=\u00bbrow\u00bb background_position=\u00bbtop_left\u00bb background_repeat=\u00bbrepeat\u00bb background_size=\u00bbinitial\u00bb][et_pb_column type=\u00bb4_4&#8243;][et_pb_text admin_label=\u00bbText\u00bb background_layout=\u00bblight\u00bb text_orientation=\u00bbleft\u00bb use_border_color=\u00bboff\u00bb border_color=\u00bb#ffffff\u00bb border_style=\u00bbsolid\u00bb background_position=\u00bbtop_left\u00bb background_repeat=\u00bbrepeat\u00bb background_size=\u00bbinitial\u00bb]<\/p>\n<p><strong>\u00bfQu\u00e9 son las cookies?<\/strong><br \/>\nUna cookie es un fichero que se descarga en su ordenador al acceder a determinadas p\u00e1ginas web.<\/p>\n<p>Las cookies permiten a una p\u00e1gina web, entre otras cosas, almacenar y recuperar informaci\u00f3n sobre los h\u00e1bitos de navegaci\u00f3n de un usuario o de su equipo y, dependiendo de la informaci\u00f3n que contengan y de la forma en que utilice su equipo, pueden utilizarse para reconocer al usuario.<\/p>\n<p><strong>\u00bfQu\u00e9 tipos de cookies utiliza esta p\u00e1gina web?<\/strong><\/p>\n<p><strong>Cookies de an\u00e1lisis: (Google Analytics)<\/strong><br \/>\nSon aqu\u00e9llas que bien tratadas por nosotros o por terceros, nos permiten cuantificar el n\u00famero de usuarios y as\u00ed realizar la medici\u00f3n y an\u00e1lisis estad\u00edstico de la utilizaci\u00f3n que hacen los usuarios del servicio ofertado. Para ello se analiza su navegaci\u00f3n en nuestra p\u00e1gina web con el fin de mejorar la oferta de productos o servicios que le ofrecemos.<\/p>\n<p><strong>Cookies t\u00e9cnicas: (WordPress y Cookie policy)<\/strong><br \/>\nSon aqu\u00e9llas que permiten al usuario la navegaci\u00f3n a trav\u00e9s de una p\u00e1gina web, plataforma o aplicaci\u00f3n y la utilizaci\u00f3n de las diferentes opciones o servicios que en ella existan como, por ejemplo, controlar el tr\u00e1fico y la comunicaci\u00f3n de datos, identificar la sesi\u00f3n, acceder a partes de acceso restringido, recordar los elementos que integran un pedido, realizar el proceso de compra de un pedido, realizar la solicitud de inscripci\u00f3n o participaci\u00f3n en un evento, utilizar elementos de seguridad durante la navegaci\u00f3n, almacenar contenidos para la difusi\u00f3n de v\u00eddeos o sonido o compartir contenidos a trav\u00e9s de redes sociales.<\/p>\n<p><strong>\u00bfC\u00f3mo gestionar la configuraci\u00f3n de las cookies?<\/strong><br \/>\nEn el presente apartado se lleva a cabo una breve exposici\u00f3n de c\u00f3mo consulta y llevar a cabo la configuraci\u00f3n del sistema e cookies en relaci\u00f3n a los navegadores m\u00e1s comunes o m\u00e1s utilizados por los usuarios.<\/p>\n<p>En este sentido, pr\u00e1cticamente todos los navegadores permiten al usuario obtener informaci\u00f3n general sobre las cookies instaladas en una p\u00e1gina web, concretamente verificar la existencia de las mimas, su duraci\u00f3n o el sistema de eliminaci\u00f3n. En este sentido, a t\u00edtulo informativo, se facilitan una serie de enlaces relacionados:<\/p>\n<ul>\n<li><a href=\"https:\/\/support.google.com\/chrome\/answer\/95647?hl=es\" target=\"_blank\" rel=\"noopener noreferrer\">Google Chrome<\/a><\/li>\n<li><a href=\"http:\/\/windows.microsoft.com\/es-xl\/internet-explorer\/delete-manage-cookies#ie=ie-11\" target=\"_blank\" rel=\"noopener noreferrer\">Internet Explorer<\/a><\/li>\n<li><a href=\"https:\/\/support.mozilla.org\/es\/kb\/cookies-informacion-que-los-sitios-web-guardan-en-\" target=\"_blank\" rel=\"noopener noreferrer\">Mozilla Firefox<\/a><\/li>\n<li><a href=\"http:\/\/help.opera.com\/Linux\/10.60\/es-ES\/cookies.html\" target=\"_blank\" rel=\"noopener noreferrer\">Opera<\/a><\/li>\n<\/ul>\n<p>Por otra parte, el usuario podr\u00e1 permitir, bloquear o eliminar las cookies instaladas en su equipo modificando la configuraci\u00f3n de su navegador conforme a las instrucciones indicadas en el mismo. A t\u00edtulo informativo se indica que habitualmente la configuraci\u00f3n de las cookies se suele llevar a cabo en el men\u00fa \u201cPreferencias\u201d o \u201cHerramientas\u201d de cada navegador, en cualquier caso, siempre podr\u00e1 acudir a la ayuda de su navegador para solucionar o solventas las dudas que se le generen el respecto.<\/p>\n<p>Conviene tener en cuenta que, si se impide la instalaci\u00f3n de todas las cookies, el contenido de la Web as\u00ed como determinadas funcionalidades y servicios facilitados por la misma pueden verse afectados.<\/p>\n<p>[\/et_pb_text][\/et_pb_column][\/et_pb_row][\/et_pb_section][et_pb_section bb_built=\u00bb1&#8243; admin_label=\u00bbSection\u00bb fullwidth=\u00bboff\u00bb specialty=\u00bboff\u00bb parallax_method=\u00bboff\u00bb padding_mobile=\u00bboff\u00bb _builder_version=\u00bb3.0.51&#8243; global_module=\u00bb432&#8243;][et_pb_row admin_label=\u00bbRow\u00bb global_parent=\u00bb432&#8243; background_position=\u00bbtop_left\u00bb background_repeat=\u00bbrepeat\u00bb background_size=\u00bbinitial\u00bb][et_pb_column type=\u00bb4_4&#8243;][et_pb_social_media_follow admin_label=\u00bbSeguir en medios sociales\u00bb global_parent=\u00bb432&#8243; link_shape=\u00bbrounded_rectangle\u00bb background_layout=\u00bblight\u00bb url_new_window=\u00bbon\u00bb follow_button=\u00bboff\u00bb custom_css_social_follow=\u00bbcentro\u00bb custom_css_before=\u00bbcentro\u00bb custom_css_main_element=\u00bbcentro\u00bb custom_css_after=\u00bbcentro\u00bb custom_css_social_icon=\u00bbcentro\u00bb _builder_version=\u00bb3.0.51&#8243;] [et_pb_social_media_follow_network social_network=\u00bbfacebook\u00bb url=\u00bbhttps:\/\/www.facebook.com\/clara.gortazar\u00bb skype_action=\u00bbcall\u00bb bg_color=\u00bb#000000&#8243;] facebook [\/et_pb_social_media_follow_network][et_pb_social_media_follow_network social_network=\u00bbinstagram\u00bb skype_action=\u00bbcall\u00bb url=\u00bbhttps:\/\/www.instagram.com\/clara_gortazar_millinery\/\u00bb bg_color=\u00bb#000000&#8243;] Instagram [\/et_pb_social_media_follow_network] [\/et_pb_social_media_follow][et_pb_text admin_label=\u00bbcopright\u00bb global_parent=\u00bb432&#8243; background_layout=\u00bblight\u00bb text_orientation=\u00bbcenter\u00bb use_border_color=\u00bboff\u00bb border_color=\u00bb#ffffff\u00bb border_style=\u00bbsolid\u00bb]<\/p>\n<p>\u00a9 2016-17 Clara Gort\u00e1zar | <a href=\"https:\/\/www.claragortazar.com\/es\/politica-de-cookies\">Cookies<\/a><\/p>\n<p>[\/et_pb_text][\/et_pb_column][\/et_pb_row][\/et_pb_section]<\/p>\n","protected":false},"excerpt":{"rendered":"<p>\u00bfQu\u00e9 son las cookies? Una cookie es un fichero que se descarga en su ordenador al acceder a determinadas p\u00e1ginas web. Las cookies permiten a una p\u00e1gina web, entre otras cosas, almacenar y recuperar informaci\u00f3n sobre los h\u00e1bitos de navegaci\u00f3n de un usuario o de su equipo y, dependiendo de la informaci\u00f3n que contengan y [&hellip;]<\/p>\n","protected":false},"author":1,"featured_media":0,"parent":0,"menu_order":0,"comment_status":"closed","ping_status":"closed","template":"","meta":{"_et_pb_use_builder":"on","_et_pb_old_content":"<strong>What are Cookies?<\/strong>\r\n\r\nCookies are small text files that are placed on your computer, smartphone or other device when you access the internet.\r\n\r\n<strong>Why are cookies essential to the Santander Websites?<\/strong>\r\n\r\nThis website, along with most other major websites, uses cookies. Cookies enable users to navigate around websites and (where appropriate) enable us to tailor the content to fit the needs of visitors who have accessed the site and help us improve the user experience. Without cookies enabled we cannot guarantee that the website and your experience whilst visiting are as we intended it to be. <strong>None of the cookies used on our websites collect personally identifiable information about you.<\/strong>\r\n\r\n<strong>The cookies uses<\/strong>\r\n\r\n<strong>Two types of cookies are used on this website:<\/strong>\r\n\r\n<strong>Please note that none of the cookies we use on our website contain personal information, and cannot be used to identify you.<\/strong>\r\n\r\nThe length of time a cookie will remain on your device will depend on the type of cookie.\r\n<ul>\r\n\t<li><strong>Wordpress Session Cookies<\/strong>. These are temporary cookies, which only exist in the period you access the website (or more strictly, until you close the browser after accessing the website). These cookies do not contain personal information and cannot be used to identify you.<\/li>\r\n\t<li><strong>Google Cookies:<\/strong> Google Analitycs for stadistics about te visit to our website. <span style=\"font-size: small;\">These cookies do not contain personal information and cannot be used to identify you.<\/span><\/li>\r\n<\/ul>\r\n<strong>How to control and delete cookies<\/strong>\r\n\r\nIf you wish to restrict or block the cookies which are set by us, or indeed any other website, you can do this through your browser settings. The Help function within your browser should tell you how.\r\n\r\nAlternatively, you may wish to visit <a title=\"Open in new window\" href=\"http:\/\/www.aboutcookies.org\/\" target=\"_blank\">www.aboutcookies.org<\/a>, which contains comprehensive information on how to do this on a wide variety of browsers. You will also find details on how to delete cookies from your computer (including those from this visit) as well as more general information about cookies. For information on how to do this on the browser of your mobile device you will need to refer to your handset manual.\r\n\r\n\u00a0\r\n\r\n\u00a0","_et_gb_content_width":"","footnotes":""},"class_list":["post-197","page","type-page","status-publish","hentry"],"yoast_head":"<!-- This site is optimized with the Yoast SEO plugin v27.5 - https:\/\/yoast.com\/product\/yoast-seo-wordpress\/ -->\n<title>Pol\u00edtica de Cookies | Clara Gort\u00e1zar<\/title>\n<meta name=\"robots\" content=\"noindex, nofollow\" \/>\n<meta property=\"og:locale\" content=\"es_ES\" \/>\n<meta property=\"og:type\" content=\"article\" \/>\n<meta property=\"og:title\" content=\"Pol\u00edtica de Cookies | Clara Gort\u00e1zar\" \/>\n<meta property=\"og:description\" content=\"\u00bfQu\u00e9 son las cookies? Una cookie es un fichero que se descarga en su ordenador al acceder a determinadas p\u00e1ginas web. Las cookies permiten a una p\u00e1gina web, entre otras cosas, almacenar y recuperar informaci\u00f3n sobre los h\u00e1bitos de navegaci\u00f3n de un usuario o de su equipo y, dependiendo de la informaci\u00f3n que contengan y [&hellip;]\" \/>\n<meta property=\"og:url\" content=\"https:\/\/www.claragortazar.com\/es\/politica-de-cookies\/\" \/>\n<meta property=\"og:site_name\" content=\"Clara Gort\u00e1zar\" \/>\n<meta property=\"article:publisher\" content=\"https:\/\/www.facebook.com\/clara.gortazar\" \/>\n<meta property=\"article:modified_time\" content=\"2017-06-08T12:23:13+00:00\" \/>\n<meta property=\"og:image\" content=\"https:\/\/www.claragortazar.com\/wp-content\/uploads\/2016\/01\/pamela-portada-clara-gortazar.jpg\" \/>\n\t<meta property=\"og:image:width\" content=\"1080\" \/>\n\t<meta property=\"og:image:height\" content=\"720\" \/>\n\t<meta property=\"og:image:type\" content=\"image\/jpeg\" \/>\n<script type=\"application\/ld+json\" class=\"yoast-schema-graph\">{\"@context\":\"https:\\\/\\\/schema.org\",\"@graph\":[{\"@type\":\"WebPage\",\"@id\":\"https:\\\/\\\/www.claragortazar.com\\\/es\\\/politica-de-cookies\\\/\",\"url\":\"https:\\\/\\\/www.claragortazar.com\\\/es\\\/politica-de-cookies\\\/\",\"name\":\"Pol\u00edtica de Cookies | Clara Gort\u00e1zar\",\"isPartOf\":{\"@id\":\"https:\\\/\\\/www.claragortazar.com\\\/es\\\/#website\"},\"datePublished\":\"2016-01-21T14:58:55+00:00\",\"dateModified\":\"2017-06-08T12:23:13+00:00\",\"breadcrumb\":{\"@id\":\"https:\\\/\\\/www.claragortazar.com\\\/es\\\/politica-de-cookies\\\/#breadcrumb\"},\"inLanguage\":\"es\",\"potentialAction\":[{\"@type\":\"ReadAction\",\"target\":[\"https:\\\/\\\/www.claragortazar.com\\\/es\\\/politica-de-cookies\\\/\"]}]},{\"@type\":\"BreadcrumbList\",\"@id\":\"https:\\\/\\\/www.claragortazar.com\\\/es\\\/politica-de-cookies\\\/#breadcrumb\",\"itemListElement\":[{\"@type\":\"ListItem\",\"position\":1,\"name\":\"Home\",\"item\":\"https:\\\/\\\/www.claragortazar.com\\\/es\\\/\"},{\"@type\":\"ListItem\",\"position\":2,\"name\":\"Pol\u00edtica de Cookies\"}]},{\"@type\":\"WebSite\",\"@id\":\"https:\\\/\\\/www.claragortazar.com\\\/es\\\/#website\",\"url\":\"https:\\\/\\\/www.claragortazar.com\\\/es\\\/\",\"name\":\"Clara Gortazar\",\"description\":\"Fascinators &amp; Hats in spain\",\"publisher\":{\"@id\":\"https:\\\/\\\/www.claragortazar.com\\\/es\\\/#organization\"},\"alternateName\":\"Clara Gortazar Millinery\",\"potentialAction\":[{\"@type\":\"SearchAction\",\"target\":{\"@type\":\"EntryPoint\",\"urlTemplate\":\"https:\\\/\\\/www.claragortazar.com\\\/es\\\/?s={search_term_string}\"},\"query-input\":{\"@type\":\"PropertyValueSpecification\",\"valueRequired\":true,\"valueName\":\"search_term_string\"}}],\"inLanguage\":\"es\"},{\"@type\":\"Organization\",\"@id\":\"https:\\\/\\\/www.claragortazar.com\\\/es\\\/#organization\",\"name\":\"Clara Gortazar\",\"alternateName\":\"Clara Gortazar Millinery\",\"url\":\"https:\\\/\\\/www.claragortazar.com\\\/es\\\/\",\"logo\":{\"@type\":\"ImageObject\",\"inLanguage\":\"es\",\"@id\":\"https:\\\/\\\/www.claragortazar.com\\\/es\\\/#\\\/schema\\\/logo\\\/image\\\/\",\"url\":\"https:\\\/\\\/www.claragortazar.com\\\/wp-content\\\/uploads\\\/2016\\\/01\\\/logo-clara-gortazar.png\",\"contentUrl\":\"https:\\\/\\\/www.claragortazar.com\\\/wp-content\\\/uploads\\\/2016\\\/01\\\/logo-clara-gortazar.png\",\"width\":195,\"height\":77,\"caption\":\"Clara Gortazar\"},\"image\":{\"@id\":\"https:\\\/\\\/www.claragortazar.com\\\/es\\\/#\\\/schema\\\/logo\\\/image\\\/\"},\"sameAs\":[\"https:\\\/\\\/www.facebook.com\\\/clara.gortazar\"]}]}<\/script>\n<!-- \/ Yoast SEO plugin. -->","yoast_head_json":{"title":"Pol\u00edtica de Cookies | Clara Gort\u00e1zar","robots":{"index":"noindex","follow":"nofollow"},"og_locale":"es_ES","og_type":"article","og_title":"Pol\u00edtica de Cookies | Clara Gort\u00e1zar","og_description":"\u00bfQu\u00e9 son las cookies? Una cookie es un fichero que se descarga en su ordenador al acceder a determinadas p\u00e1ginas web. Las cookies permiten a una p\u00e1gina web, entre otras cosas, almacenar y recuperar informaci\u00f3n sobre los h\u00e1bitos de navegaci\u00f3n de un usuario o de su equipo y, dependiendo de la informaci\u00f3n que contengan y [&hellip;]","og_url":"https:\/\/www.claragortazar.com\/es\/politica-de-cookies\/","og_site_name":"Clara Gort\u00e1zar","article_publisher":"https:\/\/www.facebook.com\/clara.gortazar","article_modified_time":"2017-06-08T12:23:13+00:00","og_image":[{"width":1080,"height":720,"url":"https:\/\/www.claragortazar.com\/wp-content\/uploads\/2016\/01\/pamela-portada-clara-gortazar.jpg","type":"image\/jpeg"}],"schema":{"@context":"https:\/\/schema.org","@graph":[{"@type":"WebPage","@id":"https:\/\/www.claragortazar.com\/es\/politica-de-cookies\/","url":"https:\/\/www.claragortazar.com\/es\/politica-de-cookies\/","name":"Pol\u00edtica de Cookies | Clara Gort\u00e1zar","isPartOf":{"@id":"https:\/\/www.claragortazar.com\/es\/#website"},"datePublished":"2016-01-21T14:58:55+00:00","dateModified":"2017-06-08T12:23:13+00:00","breadcrumb":{"@id":"https:\/\/www.claragortazar.com\/es\/politica-de-cookies\/#breadcrumb"},"inLanguage":"es","potentialAction":[{"@type":"ReadAction","target":["https:\/\/www.claragortazar.com\/es\/politica-de-cookies\/"]}]},{"@type":"BreadcrumbList","@id":"https:\/\/www.claragortazar.com\/es\/politica-de-cookies\/#breadcrumb","itemListElement":[{"@type":"ListItem","position":1,"name":"Home","item":"https:\/\/www.claragortazar.com\/es\/"},{"@type":"ListItem","position":2,"name":"Pol\u00edtica de Cookies"}]},{"@type":"WebSite","@id":"https:\/\/www.claragortazar.com\/es\/#website","url":"https:\/\/www.claragortazar.com\/es\/","name":"Clara Gortazar","description":"Fascinators &amp; Hats in spain","publisher":{"@id":"https:\/\/www.claragortazar.com\/es\/#organization"},"alternateName":"Clara Gortazar Millinery","potentialAction":[{"@type":"SearchAction","target":{"@type":"EntryPoint","urlTemplate":"https:\/\/www.claragortazar.com\/es\/?s={search_term_string}"},"query-input":{"@type":"PropertyValueSpecification","valueRequired":true,"valueName":"search_term_string"}}],"inLanguage":"es"},{"@type":"Organization","@id":"https:\/\/www.claragortazar.com\/es\/#organization","name":"Clara Gortazar","alternateName":"Clara Gortazar Millinery","url":"https:\/\/www.claragortazar.com\/es\/","logo":{"@type":"ImageObject","inLanguage":"es","@id":"https:\/\/www.claragortazar.com\/es\/#\/schema\/logo\/image\/","url":"https:\/\/www.claragortazar.com\/wp-content\/uploads\/2016\/01\/logo-clara-gortazar.png","contentUrl":"https:\/\/www.claragortazar.com\/wp-content\/uploads\/2016\/01\/logo-clara-gortazar.png","width":195,"height":77,"caption":"Clara Gortazar"},"image":{"@id":"https:\/\/www.claragortazar.com\/es\/#\/schema\/logo\/image\/"},"sameAs":["https:\/\/www.facebook.com\/clara.gortazar"]}]}},"_links":{"self":[{"href":"https:\/\/www.claragortazar.com\/es\/wp-json\/wp\/v2\/pages\/197","targetHints":{"allow":["GET"]}}],"collection":[{"href":"https:\/\/www.claragortazar.com\/es\/wp-json\/wp\/v2\/pages"}],"about":[{"href":"https:\/\/www.claragortazar.com\/es\/wp-json\/wp\/v2\/types\/page"}],"author":[{"embeddable":true,"href":"https:\/\/www.claragortazar.com\/es\/wp-json\/wp\/v2\/users\/1"}],"replies":[{"embeddable":true,"href":"https:\/\/www.claragortazar.com\/es\/wp-json\/wp\/v2\/comments?post=197"}],"version-history":[{"count":0,"href":"https:\/\/www.claragortazar.com\/es\/wp-json\/wp\/v2\/pages\/197\/revisions"}],"wp:attachment":[{"href":"https:\/\/www.claragortazar.com\/es\/wp-json\/wp\/v2\/media?parent=197"}],"curies":[{"name":"wp","href":"https:\/\/api.w.org\/{rel}","templated":true}]}}